
{"id":15,"date":"2015-06-19T14:44:22","date_gmt":"2015-06-19T12:44:22","guid":{"rendered":"http:\/\/www.krichbaum.at\/?page_id=15"},"modified":"2015-12-01T11:22:03","modified_gmt":"2015-12-01T10:22:03","slug":"malerei","status":"publish","type":"page","link":"https:\/\/www.krichbaum.at\/?page_id=15","title":{"rendered":"Malerei"},"content":{"rendered":"<h1>Seit vielen Jahren verfolge ich<\/h1>\n<p>das Schaffen von Josef Florian Krichbaum mit gro\u00dfer Freude. Er ist einer der wenigen K\u00fcnstler unserer Zeit, die sich an der altmeisterlichen Technik der Malerei orientieren und poetische Bildergeschichten erfinden. Entstanden anfangs eher kleinformatige Werke, bew\u00e4ltigt der K\u00fcnstler heute auch gro\u00dfe Formate mit der gleichen malerischen Qualit\u00e4t und Erz\u00e4hldichte, die an Franz Sedlacek und den Magischen Realismus der Neuen Sachlichkeit denken lassen.<br \/>\nSchon der Vorbereitung des Maluntergrunds widmet er eine heute un\u00fcbliche Akribie und F\u00fcrsorge. Mit der gleichen Akribie und einem besonderen Blick f\u00fcrs Detail entstehen wunderbare Bilder, die den Betrachter magisch anziehen, ja ins Bild hineinziehen. Es sind eigent\u00fcmlich seltsame Bilder, die sich in einer Art Zwischenwelt bewegen. Man kann diese Bilder nicht fl\u00fcchtig im Vorbeigehen aufnehmen, nein, man muss schon genau hinschauen, dann erschlie\u00dft sich eine phantastische Welt: da tummeln sich die unterschiedlichsten Gestalten menschlicher und (\u00fcber-) menschlicher Natur, meist in Gruppen, in phantastischen Landschaften. W\u00e4chter, die \u00fcber die Natur und die Menschen wachen sollen, wanken \u2013 allzu menschlich \u2013 betrunken aus einem Stadttor. Das Flo\u00df der Medusa von Th\u00e9dore G\u00e9ricault wird kurzerhand zu einer Schlittenfahrt im Schnee. Doch wohin geht die Fahrt? Es ist nicht nur eine Vergnu\u0308gungsfahrt, hat man doch Teppiche, Kleider, B\u00fccher und Proviant aufgeladen. Und wer hisst schon Flaggen auf seinem Schlitten?<br \/>\nMan spu\u0308rt die Lust des K\u00fcnstlers an der Darstellung absurder Situationen, \u00fcbertriebener K\u00f6rperhaltungen und ungew\u00f6hnlicher Perspektiven. Hinter der Heiterkeit, die die Bilder grunds\u00e4tzlich ausstrahlen, liegt aber der kritische Blick des Ku\u0308nstlers auf die Natur, die Gesellschaft und wie wir miteinander umgehen. Mit feinem Pinsel und leisen T\u00f6nen will er uns das vor Augen f\u00fchren. Schauen wir mit ihm!<br \/>\n<em> Mag. Elisabeth Dutz | Sammlung der \u00d6sterreichischen Nationalbank<br \/>\naus: Der magische Realismus des JFK<\/em><\/p>\n<p>&nbsp;<\/p>\n<p>&nbsp;<\/p>\n<h3>Kleinformate: Micro-Gem\u00e4lde<\/h3>\n<p>Als Micro-Gem\u00e4lde bezeichne ich Malereien, die die ohnehin miniat\u00fcrliche Tendenz meiner \u201enormalen Kleinformate\u201d noch einmal deutlich unterschreiten:<br \/>\nOft nicht sehr viel gr\u00f6\u00dfer als eine Briefmarke stellen sie eine besondere Herausforderung fu\u0308r die Augen und die ruhige Hand dar. Auch sie werden, wie alle anderen Bilder, mit freiem Auge gemalt, mit der Lupe wird dann h\u00f6chstens kontrolliert. Diese Art zu arbeiten ist ein ganz eigenes Fieber und steht fu\u0308r mich im spannenden Kontrast zum sehr Gro\u00dfformatigen. Thematisch bleibe ich meiner Welt treu, die Bilder sind aber oft \u201eluftiger\u201c und witziger, als die gr\u00f6\u00dferen Bilder mit stark psychologischer Tendenz.<\/p>\n<h4><a href=\"http:\/\/www.krichbaum.at\/?page_id=867\">Micro-Gem\u00e4lde<\/a><\/h4>\n<p>&nbsp;<\/p>\n<h1>Malereien nach Themen gegliedert:<\/h1>\n<h4><a href=\"http:\/\/www.krichbaum.at\/?page_id=78\">W\u00c4CHTER | GUARDS<\/a> || <a href=\"http:\/\/www.krichbaum.at\/?page_id=60\">ESSEN BIS FRESSEN<\/a> || <strong><a href=\"http:\/\/www.krichbaum.at\/?page_id=109\">Skurriles Freizeitverhalten<\/a><\/strong> || <a href=\"http:\/\/www.krichbaum.at\/?page_id=111\"><strong>Sonderlinge &#8211; Exzentriker<\/strong> <\/a>|| <a href=\"http:\/\/www.krichbaum.at\/?page_id=113\"><strong>Prozessionen<\/strong><\/a> || <a href=\"http:\/\/www.krichbaum.at\/?page_id=115\"><strong>Kultisches<\/strong><\/a> || <strong><a href=\"http:\/\/www.krichbaum.at\/?page_id=117\">Psyche\/Emotionen\/Beziehungen<\/a><\/strong> || <strong><a href=\"http:\/\/www.krichbaum.at\/?page_id=120\">Naturthematiken<\/a> || <a href=\"http:\/\/www.krichbaum.at\/?page_id=122\">Gesellschaftliches<\/a> || <a href=\"http:\/\/www.krichbaum.at\/?page_id=125\">NONSENSE<\/a><\/strong><\/h4>\n","protected":false},"excerpt":{"rendered":"","protected":false},"author":1,"featured_media":0,"parent":0,"menu_order":0,"comment_status":"open","ping_status":"open","template":"","meta":{"ngg_post_thumbnail":0},"yoast_head":"<!-- This site is optimized with the Yoast SEO plugin v17.2 - https:\/\/yoast.com\/wordpress\/plugins\/seo\/ -->\n<meta name=\"robots\" content=\"index, follow, max-snippet:-1, max-image-preview:large, max-video-preview:-1\" \/>\n<link rel=\"canonical\" href=\"http:\/\/www.krichbaum.at\/?page_id=15\" \/>\n<meta property=\"og:locale\" content=\"de_DE\" \/>\n<meta property=\"og:type\" content=\"article\" \/>\n<meta property=\"og:title\" content=\"Malerei - Josef Florian Krichbaum\" \/>\n<meta property=\"og:url\" content=\"http:\/\/www.krichbaum.at\/?page_id=15\" \/>\n<meta property=\"og:site_name\" content=\"Josef Florian Krichbaum\" \/>\n<meta property=\"article:modified_time\" content=\"2015-12-01T10:22:03+00:00\" \/>\n<meta name=\"twitter:card\" content=\"summary\" \/>\n<meta name=\"twitter:label1\" content=\"Gesch\u00e4tzte Lesezeit\" \/>\n\t<meta name=\"twitter:data1\" content=\"2 Minuten\" \/>\n<script type=\"application\/ld+json\" class=\"yoast-schema-graph\">{\"@context\":\"https:\/\/schema.org\",\"@graph\":[{\"@type\":\"WebSite\",\"@id\":\"http:\/\/www.krichbaum.at\/#website\",\"url\":\"http:\/\/www.krichbaum.at\/\",\"name\":\"Josef Florian Krichbaum\",\"description\":\"Malerei | Painting and Drawing\",\"potentialAction\":[{\"@type\":\"SearchAction\",\"target\":{\"@type\":\"EntryPoint\",\"urlTemplate\":\"http:\/\/www.krichbaum.at\/?s={search_term_string}\"},\"query-input\":\"required name=search_term_string\"}],\"inLanguage\":\"de-DE\"},{\"@type\":\"WebPage\",\"@id\":\"http:\/\/www.krichbaum.at\/?page_id=15#webpage\",\"url\":\"http:\/\/www.krichbaum.at\/?page_id=15\",\"name\":\"Malerei - Josef Florian Krichbaum\",\"isPartOf\":{\"@id\":\"http:\/\/www.krichbaum.at\/#website\"},\"datePublished\":\"2015-06-19T12:44:22+00:00\",\"dateModified\":\"2015-12-01T10:22:03+00:00\",\"breadcrumb\":{\"@id\":\"http:\/\/www.krichbaum.at\/?page_id=15#breadcrumb\"},\"inLanguage\":\"de-DE\",\"potentialAction\":[{\"@type\":\"ReadAction\",\"target\":[\"http:\/\/www.krichbaum.at\/?page_id=15\"]}]},{\"@type\":\"BreadcrumbList\",\"@id\":\"http:\/\/www.krichbaum.at\/?page_id=15#breadcrumb\",\"itemListElement\":[{\"@type\":\"ListItem\",\"position\":1,\"name\":\"Home\",\"item\":\"http:\/\/www.krichbaum.at\/\"},{\"@type\":\"ListItem\",\"position\":2,\"name\":\"Malerei\"}]}]}<\/script>\n<!-- \/ Yoast SEO plugin. -->","yoast_head_json":{"robots":{"index":"index","follow":"follow","max-snippet":"max-snippet:-1","max-image-preview":"max-image-preview:large","max-video-preview":"max-video-preview:-1"},"canonical":"http:\/\/www.krichbaum.at\/?page_id=15","og_locale":"de_DE","og_type":"article","og_title":"Malerei - Josef Florian Krichbaum","og_url":"http:\/\/www.krichbaum.at\/?page_id=15","og_site_name":"Josef Florian Krichbaum","article_modified_time":"2015-12-01T10:22:03+00:00","twitter_card":"summary","twitter_misc":{"Gesch\u00e4tzte Lesezeit":"2 Minuten"},"schema":{"@context":"https:\/\/schema.org","@graph":[{"@type":"WebSite","@id":"http:\/\/www.krichbaum.at\/#website","url":"http:\/\/www.krichbaum.at\/","name":"Josef Florian Krichbaum","description":"Malerei | Painting and Drawing","potentialAction":[{"@type":"SearchAction","target":{"@type":"EntryPoint","urlTemplate":"http:\/\/www.krichbaum.at\/?s={search_term_string}"},"query-input":"required name=search_term_string"}],"inLanguage":"de-DE"},{"@type":"WebPage","@id":"http:\/\/www.krichbaum.at\/?page_id=15#webpage","url":"http:\/\/www.krichbaum.at\/?page_id=15","name":"Malerei - Josef Florian Krichbaum","isPartOf":{"@id":"http:\/\/www.krichbaum.at\/#website"},"datePublished":"2015-06-19T12:44:22+00:00","dateModified":"2015-12-01T10:22:03+00:00","breadcrumb":{"@id":"http:\/\/www.krichbaum.at\/?page_id=15#breadcrumb"},"inLanguage":"de-DE","potentialAction":[{"@type":"ReadAction","target":["http:\/\/www.krichbaum.at\/?page_id=15"]}]},{"@type":"BreadcrumbList","@id":"http:\/\/www.krichbaum.at\/?page_id=15#breadcrumb","itemListElement":[{"@type":"ListItem","position":1,"name":"Home","item":"http:\/\/www.krichbaum.at\/"},{"@type":"ListItem","position":2,"name":"Malerei"}]}]}},"_links":{"self":[{"href":"https:\/\/www.krichbaum.at\/index.php?rest_route=\/wp\/v2\/pages\/15"}],"collection":[{"href":"https:\/\/www.krichbaum.at\/index.php?rest_route=\/wp\/v2\/pages"}],"about":[{"href":"https:\/\/www.krichbaum.at\/index.php?rest_route=\/wp\/v2\/types\/page"}],"author":[{"embeddable":true,"href":"https:\/\/www.krichbaum.at\/index.php?rest_route=\/wp\/v2\/users\/1"}],"replies":[{"embeddable":true,"href":"https:\/\/www.krichbaum.at\/index.php?rest_route=%2Fwp%2Fv2%2Fcomments&post=15"}],"version-history":[{"count":13,"href":"https:\/\/www.krichbaum.at\/index.php?rest_route=\/wp\/v2\/pages\/15\/revisions"}],"predecessor-version":[{"id":994,"href":"https:\/\/www.krichbaum.at\/index.php?rest_route=\/wp\/v2\/pages\/15\/revisions\/994"}],"wp:attachment":[{"href":"https:\/\/www.krichbaum.at\/index.php?rest_route=%2Fwp%2Fv2%2Fmedia&parent=15"}],"curies":[{"name":"wp","href":"https:\/\/api.w.org\/{rel}","templated":true}]}}