
{"id":17,"date":"2015-06-19T14:44:47","date_gmt":"2015-06-19T12:44:47","guid":{"rendered":"http:\/\/www.krichbaum.at\/?page_id=17"},"modified":"2015-11-26T10:41:35","modified_gmt":"2015-11-26T09:41:35","slug":"zeichnung","status":"publish","type":"page","link":"https:\/\/www.krichbaum.at\/?page_id=17","title":{"rendered":"Zeichnung"},"content":{"rendered":"<h1>Die Zeichnung ist f\u00fcr mich die Basis<\/h1>\n<p>meines k\u00fcnstlerischen Wollens, in den letzten Jahren wurde sie immer st\u00e4rker zum eigenen Ausdrucksmedium: Als ich vor \u00fcber 20 Jahren mit der Feinmalerei begonnen habe, diente sie der Skizze und dem pr\u00e4zisen Entwurf. Heute gibt es zus\u00e4tzlich viele Arbeiten, die f\u00fcr mich nur als eigenst\u00e4ndige Zeichnung, nicht als Gem\u00e4lde, sinnvoll und wichtig sind &#8211; von skizzenhaft \u201elocker\u201c bis zu sehr genau ausgef\u00fchrt, von mittleren bis zu immer gr\u00f6\u00dferen, beinahe monumentalen Formaten.<\/p>\n<p>&nbsp;<\/p>\n<h1>Unterteilung in:<\/h1>\n<h4><a href=\"http:\/\/www.krichbaum.at\/?page_id=778\">Zeichnungen<\/a> || <a href=\"http:\/\/www.krichbaum.at\/?page_id=779\">Skizzen<\/a><\/h4>\n<p>&nbsp;<\/p>\n","protected":false},"excerpt":{"rendered":"","protected":false},"author":1,"featured_media":0,"parent":0,"menu_order":0,"comment_status":"open","ping_status":"open","template":"","meta":{"ngg_post_thumbnail":0},"yoast_head":"<!-- This site is optimized with the Yoast SEO plugin v17.2 - https:\/\/yoast.com\/wordpress\/plugins\/seo\/ -->\n<meta name=\"robots\" content=\"index, follow, max-snippet:-1, max-image-preview:large, max-video-preview:-1\" \/>\n<link rel=\"canonical\" href=\"http:\/\/www.krichbaum.at\/?page_id=17\" \/>\n<meta property=\"og:locale\" content=\"de_DE\" \/>\n<meta property=\"og:type\" content=\"article\" \/>\n<meta property=\"og:title\" content=\"Zeichnung - Josef Florian Krichbaum\" \/>\n<meta property=\"og:url\" content=\"http:\/\/www.krichbaum.at\/?page_id=17\" \/>\n<meta property=\"og:site_name\" content=\"Josef Florian Krichbaum\" \/>\n<meta property=\"article:modified_time\" content=\"2015-11-26T09:41:35+00:00\" \/>\n<meta name=\"twitter:card\" content=\"summary\" \/>\n<script type=\"application\/ld+json\" class=\"yoast-schema-graph\">{\"@context\":\"https:\/\/schema.org\",\"@graph\":[{\"@type\":\"WebSite\",\"@id\":\"https:\/\/www.krichbaum.at\/#website\",\"url\":\"https:\/\/www.krichbaum.at\/\",\"name\":\"Josef Florian Krichbaum\",\"description\":\"Malerei | Painting and Drawing\",\"potentialAction\":[{\"@type\":\"SearchAction\",\"target\":{\"@type\":\"EntryPoint\",\"urlTemplate\":\"https:\/\/www.krichbaum.at\/?s={search_term_string}\"},\"query-input\":\"required name=search_term_string\"}],\"inLanguage\":\"de-DE\"},{\"@type\":\"WebPage\",\"@id\":\"http:\/\/www.krichbaum.at\/?page_id=17#webpage\",\"url\":\"http:\/\/www.krichbaum.at\/?page_id=17\",\"name\":\"Zeichnung - Josef Florian Krichbaum\",\"isPartOf\":{\"@id\":\"https:\/\/www.krichbaum.at\/#website\"},\"datePublished\":\"2015-06-19T12:44:47+00:00\",\"dateModified\":\"2015-11-26T09:41:35+00:00\",\"breadcrumb\":{\"@id\":\"http:\/\/www.krichbaum.at\/?page_id=17#breadcrumb\"},\"inLanguage\":\"de-DE\",\"potentialAction\":[{\"@type\":\"ReadAction\",\"target\":[\"http:\/\/www.krichbaum.at\/?page_id=17\"]}]},{\"@type\":\"BreadcrumbList\",\"@id\":\"http:\/\/www.krichbaum.at\/?page_id=17#breadcrumb\",\"itemListElement\":[{\"@type\":\"ListItem\",\"position\":1,\"name\":\"Home\",\"item\":\"https:\/\/www.krichbaum.at\/\"},{\"@type\":\"ListItem\",\"position\":2,\"name\":\"Zeichnung\"}]}]}<\/script>\n<!-- \/ Yoast SEO plugin. -->","yoast_head_json":{"robots":{"index":"index","follow":"follow","max-snippet":"max-snippet:-1","max-image-preview":"max-image-preview:large","max-video-preview":"max-video-preview:-1"},"canonical":"http:\/\/www.krichbaum.at\/?page_id=17","og_locale":"de_DE","og_type":"article","og_title":"Zeichnung - Josef Florian Krichbaum","og_url":"http:\/\/www.krichbaum.at\/?page_id=17","og_site_name":"Josef Florian Krichbaum","article_modified_time":"2015-11-26T09:41:35+00:00","twitter_card":"summary","schema":{"@context":"https:\/\/schema.org","@graph":[{"@type":"WebSite","@id":"https:\/\/www.krichbaum.at\/#website","url":"https:\/\/www.krichbaum.at\/","name":"Josef Florian Krichbaum","description":"Malerei | Painting and Drawing","potentialAction":[{"@type":"SearchAction","target":{"@type":"EntryPoint","urlTemplate":"https:\/\/www.krichbaum.at\/?s={search_term_string}"},"query-input":"required name=search_term_string"}],"inLanguage":"de-DE"},{"@type":"WebPage","@id":"http:\/\/www.krichbaum.at\/?page_id=17#webpage","url":"http:\/\/www.krichbaum.at\/?page_id=17","name":"Zeichnung - Josef Florian Krichbaum","isPartOf":{"@id":"https:\/\/www.krichbaum.at\/#website"},"datePublished":"2015-06-19T12:44:47+00:00","dateModified":"2015-11-26T09:41:35+00:00","breadcrumb":{"@id":"http:\/\/www.krichbaum.at\/?page_id=17#breadcrumb"},"inLanguage":"de-DE","potentialAction":[{"@type":"ReadAction","target":["http:\/\/www.krichbaum.at\/?page_id=17"]}]},{"@type":"BreadcrumbList","@id":"http:\/\/www.krichbaum.at\/?page_id=17#breadcrumb","itemListElement":[{"@type":"ListItem","position":1,"name":"Home","item":"https:\/\/www.krichbaum.at\/"},{"@type":"ListItem","position":2,"name":"Zeichnung"}]}]}},"_links":{"self":[{"href":"https:\/\/www.krichbaum.at\/index.php?rest_route=\/wp\/v2\/pages\/17"}],"collection":[{"href":"https:\/\/www.krichbaum.at\/index.php?rest_route=\/wp\/v2\/pages"}],"about":[{"href":"https:\/\/www.krichbaum.at\/index.php?rest_route=\/wp\/v2\/types\/page"}],"author":[{"embeddable":true,"href":"https:\/\/www.krichbaum.at\/index.php?rest_route=\/wp\/v2\/users\/1"}],"replies":[{"embeddable":true,"href":"https:\/\/www.krichbaum.at\/index.php?rest_route=%2Fwp%2Fv2%2Fcomments&post=17"}],"version-history":[{"count":12,"href":"https:\/\/www.krichbaum.at\/index.php?rest_route=\/wp\/v2\/pages\/17\/revisions"}],"predecessor-version":[{"id":820,"href":"https:\/\/www.krichbaum.at\/index.php?rest_route=\/wp\/v2\/pages\/17\/revisions\/820"}],"wp:attachment":[{"href":"https:\/\/www.krichbaum.at\/index.php?rest_route=%2Fwp%2Fv2%2Fmedia&parent=17"}],"curies":[{"name":"wp","href":"https:\/\/api.w.org\/{rel}","templated":true}]}}