
{"id":19,"date":"2015-06-19T14:45:54","date_gmt":"2015-06-19T12:45:54","guid":{"rendered":"http:\/\/www.krichbaum.at\/?page_id=19"},"modified":"2018-03-14T14:34:39","modified_gmt":"2018-03-14T13:34:39","slug":"biografie","status":"publish","type":"page","link":"https:\/\/www.krichbaum.at\/?page_id=19","title":{"rendered":"Biographie"},"content":{"rendered":"<p>1974\u00a0\u00a0 \u00a0geboren am 08.12. in Innsbruck<br \/>\n1977\u00a0\u00a0 \u00a0\u00dcbersiedlung nach O\u00d6<br \/>\n1993\u00a0\u00a0 \u00a0Matura im BG V\u00f6cklabruck<br \/>\n1994 \u00a0\u00a0 Aufnahme an die Angewandte Wien, Studium der Malerei bei Hutter und Herzig<br \/>\n2001\u00a0\u00a0 \u00a0Diplom mit Auszeichnung<\/p>\n<p>Lebt und arbeitet seither als freischaffender K\u00fcnstler in Wien und im ober\u00f6sterreichischen Hausruck<\/p>\n<p><a href=\"http:\/\/www.krichbaum.at\/wp-content\/uploads\/2015\/06\/bio22.jpg\" data-rel=\"prettyPhoto[19]\"><img loading=\"lazy\" class=\" size-full wp-image-105 aligncenter\" src=\"http:\/\/www.krichbaum.at\/wp-content\/uploads\/2015\/06\/bio22.jpg\" alt=\"bio2\" width=\"580\" height=\"549\" srcset=\"https:\/\/www.krichbaum.at\/wp-content\/uploads\/2015\/06\/bio22.jpg 580w, https:\/\/www.krichbaum.at\/wp-content\/uploads\/2015\/06\/bio22-300x284.jpg 300w\" sizes=\"(max-width: 580px) 100vw, 580px\" \/><\/a><\/p>\n<p>Sammlung Albertina<br \/>\nSammlung \u00d6sterreichische Nationalbank<br \/>\nSammlung der Landes Ober\u00f6sterreich<br \/>\nSowie zahlreiche private Sammlungen in A, D, NL, UK<\/p>\n<p>&nbsp;<\/p>\n<h3>Projekte und Ausstellungen<\/h3>\n<table border=\"0\" width=\"600\" cellspacing=\"0\">\n<tbody>\n<tr>\n<td valign=\"top\"><strong>2018<\/strong><\/td>\n<td valign=\"top\">\u201ePop Up !\u201c Malm\u00f6, NAA&amp;A Schweden<br \/>\nBrace yourself, Bkerhouse Gallery Graz<\/td>\n<\/tr>\n<tr>\n<td valign=\"top\"><strong>2017<\/strong><\/td>\n<td valign=\"top\">Brecher Buchleiten (Personale, A)<br \/>\nBakerhouse Gallery Graz<br \/>\nAffordable Artfair Stockholm (Nordic Art Agency)<br \/>\nGalerie Zwach \/ Personale \u201eMittsommer Erz\u00e4hlungen\u201c Personale<br \/>\nDomGalerie Wr. Neustadt \u201eDie Suche nach dem Speck Algorithmus\u201c, Personale<\/td>\n<\/tr>\n<tr>\n<td valign=\"top\"><strong>2016<\/strong><\/td>\n<td valign=\"top\">Galerie GPL Wien \u201eStille Welten\u201c \/ Personale<br \/>\nGalerie Kunst&amp;Handel\/Galerie Gerhard Sommer, Graz<\/td>\n<\/tr>\n<tr>\n<td valign=\"top\"><strong>2015<\/strong><\/td>\n<td valign=\"top\">Stadtturmgalerie Schwanenstadt \u201eHalbschlaf Gelichter\u201c Personale<\/td>\n<\/tr>\n<tr>\n<td valign=\"top\"><strong>2014<\/strong><\/td>\n<td valign=\"top\">Brecher Buchleiten \u201eDie R\u00fcckkehr der W\u00e4chter\u201c \/Jubil\u00e4umsausstellung<br \/>\nTrierenberg Art Traun (Ausstellung mit 70 Arbeiten)<br \/>\nDomgalerie Wr. Neustadt (Personale)<br \/>\nSymposium mit Ausstellung Galerie Schloss Gabelhofen<\/td>\n<\/tr>\n<tr>\n<td valign=\"top\">\u00a0<strong>2013<\/strong><\/td>\n<td valign=\"top\">K\u00e4the Zwach Galerie \u201eDurchs wilde Skurrilistan\u201c (Pers.)<br \/>\nGalerie der Stadt Traun \u201eWillkommen in Skurrilistan\u201c (Pers.)<br \/>\nGalerie Schloss Gabelhofen \u201eDen W\u00e4chtern von Skurrilistan\u201c (Pers.)<br \/>\nK\u00fcnstlersymposium mit Ausstellung \u201eKunst aufgeSchlossen\u201c<\/td>\n<\/tr>\n<tr>\n<td valign=\"top\">\u00a0<strong>2012<\/strong><\/td>\n<td valign=\"top\">Artfair \u201eRealisme Amsterdam\u201c<br \/>\nGalerie Mark Peet Visser \u201eRealisten\u201c (NL)<br \/>\nEgon Schiele Centrum Krumau (CZ) \u201cHumor\/Kunst\u201c (Personale)<br \/>\nDomgalerie Wr. Neustadt \u201e35 Years Jubil\u00e4um\u201c<br \/>\nBuchgem\u00e4lde Franzobel Roman \u201eWas die M\u00e4nner so&#8230;\u201c Zsolnay Verlag<\/td>\n<\/tr>\n<tr>\n<td valign=\"top\">\u00a0<strong>2011<\/strong><\/td>\n<td valign=\"top\">Festival der Bezirke Wien (Atelierausstellung)<br \/>\nKunsttage Dornum\/Nordsee (D) (Personale)<br \/>\nThe Mall Galleries London (UK) Royal Society for Miniature Painters<\/td>\n<\/tr>\n<tr>\n<td valign=\"top\">\u00a0<strong>2010<\/strong><\/td>\n<td valign=\"top\">Domgalerie Wr. Neustadt \u201ePersonale JFK\u201c<br \/>\nBuchcover Franzobel Roman \u201e\u00d6sterreich ist sch\u00f6n. Ein M\u00e4rchen\u201c<br \/>\nKunstmesse Art Austria Wien (Galerie Peithner-Lichtenfels)<br \/>\nArtwork Indie-Band GARISH<\/td>\n<\/tr>\n<tr valign=\"top\">\n<td valign=\"top\">\u00a0<strong>2009<\/strong><\/td>\n<td>Galerie Peithner-Lichtenfels Wien \u201ePhantom Salon II\u201c (Personale)<br \/>\nK\u00e4the Zwach Galerie \u201ePhantom Salon III\u201c, (Personale)<\/td>\n<\/tr>\n<tr>\n<td valign=\"top\">\u00a0<strong>2008<\/strong><\/td>\n<td valign=\"top\">Domgalerie Wr. Neustadt \u201e3 mal 3\u201c mit P. Gric und Ch.Flora<br \/>\nKunstraum Praterstra\u00dfe \u201ePhantom Salon I\u201c, (Personale)<\/td>\n<\/tr>\n<tr>\n<td valign=\"top\">\u00a0<strong>2007<\/strong><\/td>\n<td valign=\"top\">Kunstmesse Realisme07 (Galerie Lieve Hemel)<br \/>\nKunstmesse s\u2019Hertogenbosch (Galerie Lieve Hemel)<\/td>\n<\/tr>\n<tr>\n<td valign=\"top\">\u00a0<strong>2006<\/strong><\/td>\n<td valign=\"top\">Galerie Weilinger Salzburg \u201eReise durchs Jahr\u201c (Personale)<br \/>\nAuftrags-Gem\u00e4lde zur Ober\u00f6sterreichischen Landesausstellung 2006<br \/>\nSchloss Kufstein \u201cZur \u00f6sterreichischen Seele\u201d Erwin Ringel Gesellsch<br \/>\nEZB Frankfurt \u201eEinblicke\u201c Sammlung der \u00d6NB<br \/>\nDomgalerie Wiener Neustadt \u201eVersponnen flanieren\u201c (Personale)<br \/>\nBuchver\u00f6ffentlichung\/ Book Release \u201eMarottenkiste\u201c<\/td>\n<\/tr>\n<tr>\n<td valign=\"top\">\u00a0<strong>2005<\/strong><\/td>\n<td valign=\"top\">Galerie Peithner-Lichtenfels \u201eJFKrichbaum\u201c (Personale), Katalog<\/td>\n<\/tr>\n<tr>\n<td valign=\"top\">\u00a0<strong>2004<\/strong><\/td>\n<td valign=\"top\">Galerie Peithner-Lichtenfels \u201eDer Tod tanzt\u201c<\/td>\n<\/tr>\n<tr>\n<td valign=\"top\">\u00a0<strong>2003<\/strong><\/td>\n<td valign=\"top\">Ursulinenhof Linz (Personale)<br \/>\nDomgalerie Wr. Neustadt \u201eGesellschafts-Ironesken\u201c (Personale)<br \/>\nGalerie Peithner-Lichtenfels Wien \u201eYoung Generation\u201c<\/td>\n<\/tr>\n<tr>\n<td valign=\"top\">\u00a0<strong>2002<\/strong><\/td>\n<td valign=\"top\">Galerie Zwach Dorschvilla Sch\u00f6rfling Personale \u201eSpitzweg im 21. Jahrhundert?\u201c<\/td>\n<\/tr>\n<tr>\n<td valign=\"top\"><strong>\u00a01995-2001<\/strong><\/td>\n<td valign=\"top\">\u00d6sterreichische Botschaft Bratislawa_Rathaus Prag_Schlo\u00df Lana(I)_Alte TU Wien_Hotel Vienna Hilton_Domgalerie Wr. Neustadt_Galerie Gsch\u00f6sser Schlo\u00df Lipperheide Brixlegg_Galerie Corso Velden_Galerie Weilinger Salzburg\u2026<\/td>\n<\/tr>\n<\/tbody>\n<\/table>\n<p>&nbsp;<\/p>\n","protected":false},"excerpt":{"rendered":"","protected":false},"author":1,"featured_media":0,"parent":0,"menu_order":0,"comment_status":"open","ping_status":"open","template":"","meta":{"ngg_post_thumbnail":0},"yoast_head":"<!-- This site is optimized with the Yoast SEO plugin v17.2 - https:\/\/yoast.com\/wordpress\/plugins\/seo\/ -->\n<meta name=\"robots\" content=\"index, follow, max-snippet:-1, max-image-preview:large, max-video-preview:-1\" \/>\n<link rel=\"canonical\" href=\"https:\/\/www.krichbaum.at\/?page_id=19\" \/>\n<meta property=\"og:locale\" content=\"de_DE\" \/>\n<meta property=\"og:type\" content=\"article\" \/>\n<meta property=\"og:title\" content=\"Biographie - Josef Florian Krichbaum\" \/>\n<meta property=\"og:url\" content=\"https:\/\/www.krichbaum.at\/?page_id=19\" \/>\n<meta property=\"og:site_name\" content=\"Josef Florian Krichbaum\" \/>\n<meta property=\"article:modified_time\" content=\"2018-03-14T13:34:39+00:00\" \/>\n<meta property=\"og:image\" content=\"http:\/\/www.krichbaum.at\/wp-content\/uploads\/2015\/06\/bio22.jpg\" \/>\n<meta name=\"twitter:card\" content=\"summary\" \/>\n<meta name=\"twitter:label1\" content=\"Gesch\u00e4tzte Lesezeit\" \/>\n\t<meta name=\"twitter:data1\" content=\"2 Minuten\" \/>\n<script type=\"application\/ld+json\" class=\"yoast-schema-graph\">{\"@context\":\"https:\/\/schema.org\",\"@graph\":[{\"@type\":\"WebSite\",\"@id\":\"https:\/\/www.krichbaum.at\/#website\",\"url\":\"https:\/\/www.krichbaum.at\/\",\"name\":\"Josef Florian Krichbaum\",\"description\":\"Malerei | Painting and Drawing\",\"potentialAction\":[{\"@type\":\"SearchAction\",\"target\":{\"@type\":\"EntryPoint\",\"urlTemplate\":\"https:\/\/www.krichbaum.at\/?s={search_term_string}\"},\"query-input\":\"required name=search_term_string\"}],\"inLanguage\":\"de-DE\"},{\"@type\":\"ImageObject\",\"@id\":\"https:\/\/www.krichbaum.at\/?page_id=19#primaryimage\",\"inLanguage\":\"de-DE\",\"url\":\"http:\/\/www.krichbaum.at\/wp-content\/uploads\/2015\/06\/bio22.jpg\",\"contentUrl\":\"http:\/\/www.krichbaum.at\/wp-content\/uploads\/2015\/06\/bio22.jpg\"},{\"@type\":\"WebPage\",\"@id\":\"https:\/\/www.krichbaum.at\/?page_id=19#webpage\",\"url\":\"https:\/\/www.krichbaum.at\/?page_id=19\",\"name\":\"Biographie - Josef Florian Krichbaum\",\"isPartOf\":{\"@id\":\"https:\/\/www.krichbaum.at\/#website\"},\"primaryImageOfPage\":{\"@id\":\"https:\/\/www.krichbaum.at\/?page_id=19#primaryimage\"},\"datePublished\":\"2015-06-19T12:45:54+00:00\",\"dateModified\":\"2018-03-14T13:34:39+00:00\",\"breadcrumb\":{\"@id\":\"https:\/\/www.krichbaum.at\/?page_id=19#breadcrumb\"},\"inLanguage\":\"de-DE\",\"potentialAction\":[{\"@type\":\"ReadAction\",\"target\":[\"https:\/\/www.krichbaum.at\/?page_id=19\"]}]},{\"@type\":\"BreadcrumbList\",\"@id\":\"https:\/\/www.krichbaum.at\/?page_id=19#breadcrumb\",\"itemListElement\":[{\"@type\":\"ListItem\",\"position\":1,\"name\":\"Home\",\"item\":\"https:\/\/www.krichbaum.at\/\"},{\"@type\":\"ListItem\",\"position\":2,\"name\":\"Biographie\"}]}]}<\/script>\n<!-- \/ Yoast SEO plugin. -->","yoast_head_json":{"robots":{"index":"index","follow":"follow","max-snippet":"max-snippet:-1","max-image-preview":"max-image-preview:large","max-video-preview":"max-video-preview:-1"},"canonical":"https:\/\/www.krichbaum.at\/?page_id=19","og_locale":"de_DE","og_type":"article","og_title":"Biographie - Josef Florian Krichbaum","og_url":"https:\/\/www.krichbaum.at\/?page_id=19","og_site_name":"Josef Florian Krichbaum","article_modified_time":"2018-03-14T13:34:39+00:00","og_image":[{"url":"http:\/\/www.krichbaum.at\/wp-content\/uploads\/2015\/06\/bio22.jpg"}],"twitter_card":"summary","twitter_misc":{"Gesch\u00e4tzte Lesezeit":"2 Minuten"},"schema":{"@context":"https:\/\/schema.org","@graph":[{"@type":"WebSite","@id":"https:\/\/www.krichbaum.at\/#website","url":"https:\/\/www.krichbaum.at\/","name":"Josef Florian Krichbaum","description":"Malerei | Painting and Drawing","potentialAction":[{"@type":"SearchAction","target":{"@type":"EntryPoint","urlTemplate":"https:\/\/www.krichbaum.at\/?s={search_term_string}"},"query-input":"required name=search_term_string"}],"inLanguage":"de-DE"},{"@type":"ImageObject","@id":"https:\/\/www.krichbaum.at\/?page_id=19#primaryimage","inLanguage":"de-DE","url":"http:\/\/www.krichbaum.at\/wp-content\/uploads\/2015\/06\/bio22.jpg","contentUrl":"http:\/\/www.krichbaum.at\/wp-content\/uploads\/2015\/06\/bio22.jpg"},{"@type":"WebPage","@id":"https:\/\/www.krichbaum.at\/?page_id=19#webpage","url":"https:\/\/www.krichbaum.at\/?page_id=19","name":"Biographie - Josef Florian Krichbaum","isPartOf":{"@id":"https:\/\/www.krichbaum.at\/#website"},"primaryImageOfPage":{"@id":"https:\/\/www.krichbaum.at\/?page_id=19#primaryimage"},"datePublished":"2015-06-19T12:45:54+00:00","dateModified":"2018-03-14T13:34:39+00:00","breadcrumb":{"@id":"https:\/\/www.krichbaum.at\/?page_id=19#breadcrumb"},"inLanguage":"de-DE","potentialAction":[{"@type":"ReadAction","target":["https:\/\/www.krichbaum.at\/?page_id=19"]}]},{"@type":"BreadcrumbList","@id":"https:\/\/www.krichbaum.at\/?page_id=19#breadcrumb","itemListElement":[{"@type":"ListItem","position":1,"name":"Home","item":"https:\/\/www.krichbaum.at\/"},{"@type":"ListItem","position":2,"name":"Biographie"}]}]}},"_links":{"self":[{"href":"https:\/\/www.krichbaum.at\/index.php?rest_route=\/wp\/v2\/pages\/19"}],"collection":[{"href":"https:\/\/www.krichbaum.at\/index.php?rest_route=\/wp\/v2\/pages"}],"about":[{"href":"https:\/\/www.krichbaum.at\/index.php?rest_route=\/wp\/v2\/types\/page"}],"author":[{"embeddable":true,"href":"https:\/\/www.krichbaum.at\/index.php?rest_route=\/wp\/v2\/users\/1"}],"replies":[{"embeddable":true,"href":"https:\/\/www.krichbaum.at\/index.php?rest_route=%2Fwp%2Fv2%2Fcomments&post=19"}],"version-history":[{"count":19,"href":"https:\/\/www.krichbaum.at\/index.php?rest_route=\/wp\/v2\/pages\/19\/revisions"}],"predecessor-version":[{"id":1217,"href":"https:\/\/www.krichbaum.at\/index.php?rest_route=\/wp\/v2\/pages\/19\/revisions\/1217"}],"wp:attachment":[{"href":"https:\/\/www.krichbaum.at\/index.php?rest_route=%2Fwp%2Fv2%2Fmedia&parent=19"}],"curies":[{"name":"wp","href":"https:\/\/api.w.org\/{rel}","templated":true}]}}