
{"id":45,"date":"2015-06-24T10:58:52","date_gmt":"2015-06-24T08:58:52","guid":{"rendered":"http:\/\/www.krichbaum.at\/?page_id=45"},"modified":"2015-12-01T16:24:01","modified_gmt":"2015-12-01T15:24:01","slug":"home","status":"publish","type":"page","link":"https:\/\/www.krichbaum.at\/","title":{"rendered":"Home"},"content":{"rendered":"<h1><a href=\"http:\/\/www.krichbaum.at\/wp-content\/uploads\/2015\/09\/lager.jpg\" data-rel=\"prettyPhoto[45]\"><img loading=\"lazy\" class=\"alignleft size-full wp-image-146\" src=\"http:\/\/www.krichbaum.at\/wp-content\/uploads\/2015\/09\/lager.jpg\" alt=\"Im Lager des W\u00e4chters\" width=\"800\" height=\"800\" srcset=\"https:\/\/www.krichbaum.at\/wp-content\/uploads\/2015\/09\/lager.jpg 800w, https:\/\/www.krichbaum.at\/wp-content\/uploads\/2015\/09\/lager-150x150.jpg 150w, https:\/\/www.krichbaum.at\/wp-content\/uploads\/2015\/09\/lager-300x300.jpg 300w, https:\/\/www.krichbaum.at\/wp-content\/uploads\/2015\/09\/lager-100x100.jpg 100w, https:\/\/www.krichbaum.at\/wp-content\/uploads\/2015\/09\/lager-700x700.jpg 700w\" sizes=\"(max-width: 800px) 100vw, 800px\" \/><\/a><\/h1>\n<h1>Heavy Metal Biedermeier<\/h1>\n<p>Oberfl\u00e4chlich betrachtet sind die altmeisterlich mit \u00d6l und Eitempera gemalten Bilder von Josef Florian Krichbaum harmlos romantisch, beinahe idyllisch, fast kitschig. Je n\u00e4her man sich aber mit ihnen besch\u00e4ftigt, desto unheimlicher werden die Szenarien. Da gibt es pl\u00f6tzlich L\u00f6cher im Boden, Abgr\u00fcnde, wilde, nur scheinbar gez\u00e4hmte Natur, verkr\u00fcppelte B\u00e4ume, erodierte Steinhaufen, nebelverhangene W\u00e4lder, eingest\u00fcrzte Mauern. Und auch die dargestellten Menschen sind alles andere denn lieblich, sie haben Messer gez\u00fcckt, einen geifernden Gesichtsausdruck oder sind durch seltsame Hauben, denen seitlich zwei Stangen wegstehen, anonymisiert. In den romantischen Dorfansichten entdeckt man Satellitensch\u00fcsseln oder Reklametafeln, die sch\u00f6nen Frauen haben meist T\u00e4towierungen und selbst die Kinder sind irgendwie beleidigt oder b\u00f6sartig, sofern nicht auch sie seltsame Gl\u00fchbirnen-S\u00e4cke aufhaben, die ihr ganzes Gesicht bedecken. Unter der torkelnden Gestalt eines Bahnw\u00e4rters erscheint ein Ausbrecher, in der scheinbar lieblichen Eislaufatmosph\u00e4re liegen Schweine.<\/p>\n<p>Die Bilder von Krichbaum, der sich selbst nicht unironisch JFK nennt, sind Sittenbilder einer dem Merkantilismus verpflichteten Gesellschaft, ohne diesen direkt anzuprangern. Es sind Seelenzust\u00e4nde von vereinsamten, traurigen Menschen, was sich interessanterweise am st\u00e4rksten bei den Gruppendarstellungen zeigt, da ist trotz der scheinbaren N\u00e4he immer noch jede Person sehr f\u00fcr sich, gibt es kein Miteinander, sondern nur ein Nebeneinander. Der Blick dieser Figuren ist meist sehns\u00fcchtig in die Ferne gerichtet oder gilt direkt dem Betrachter \u2013 so als ob man sich von diesem Erl\u00f6sung oder zumindest Verst\u00e4ndnis erhoffte.<\/p>\n<p>In \u00d6sterreich ist jeder Mensch ein Monolith, ein Eigenbr\u00f6tler, seine eigene Insel. Jede Kommunikation, meist beschr\u00e4nkt man sich auf den Austausch falscher Freundlichkeiten oder boshafter Unterstellungen, ist zum Scheitern verurteilt. Die Landschaft ist zersiedelt und verh\u00fcttelt, von Grundst\u00fccksspekulanten, gierigen B\u00fcrgermeistern und Superm\u00e4rkten verunstaltet. Die letzten, mit dem engstirnigen Feuer der Inquisition verteidigten Werte bieten kaum noch Halt. So befinden sich die Menschen hier auf d\u00fcnnem, br\u00fcchigem Eis, was auch in Krichbaums Bildern zu sehen ist. Zuerst w\u00e4hnt man sich in einer Renaissancelandschaft, die sich aber bei genauerem Hinsehen als sehr heutig entpuppt. Pl\u00f6tzlich gibt es Radios, Antennen, Walkingst\u00f6cke. Allerdings immer nur dezent. Man begegnet keinen Autos, keinen Hochh\u00e4usern oder Hochspannungsleitungen, es sind eher postapokalyptische Szenarien, in die uns JFK entf\u00fchrt.<\/p>\n<p>Und immer wieder tauchen diese seltsamen Stangenhauben auf, die ein wenig an Don Quichotte oder Gehirnw\u00e4schehelme erinnern. Krichbaum selbst nennt sie W\u00e4chter und will nicht verraten, ob sie als Bedrohung oder als Schutz gemeint sind. Er hat sie getr\u00e4umt und seither haben sie zusehends Einzug in seine Bilder gehalten. Hauben, die \u00fcber Augen und Nase reichen, etwas von F\u00fchlern und Antennen haben und auch an virtuelle Welten und die Googlebrille denken lassen. Vielleicht sind diese W\u00e4chter ja vollkommene Solipsisten, Autisten, die nur noch in ihrer eigenen Welt leben?<br \/>\nHaben wir nicht alle solche Hauben auf, die uns nur an Karriere und Arbeit denken lassen, Hauben, die gleichzeitig die F\u00fchler nach Anerkennung ausstrecken, aber auch die Welt auf Distanz halten? Oder sind es Selbstbildnisse des Malers, der mit zwei seitlich wegstehenden Pinseln durch die Welt geht?<\/p>\n<p>Krichbaums Bilder sind wider den Zeitgeist \u2013 nicht nur inhaltlich, sondern auch formal. Er ist keiner von den jungen, von Galeristen umschw\u00e4nzelten Realisten, die nach Fotos malen, um eine Fotorealit\u00e4t wiederzugeben, die wir mittlerweile f\u00fcr die einzig wahre halten, weil wir sie aus den Medien, nicht aber aus der Natur selbst kennen. Seine Bilder entstehen nach Skizzen oder aus dem Kopf, was eine v\u00f6llig andere Realit\u00e4t erzeugt, die zuerst einmal ungewohnt, aber deshalb um nichts weniger wahr ist.<\/p>\n<p>Krichbaum unterwirft sich keinen Moden, passt sich keinen zeitgeistigen Str\u00f6mungen an, verbiedert und verbiegt sich nicht in Richtung Kunstszene. Daf\u00fcr hat er so manchen Preis zu bezahlen, er gilt als unmodern, der gro\u00dfe Reichtum hat bislang einen Bogen um ihn gemacht, die Medien und Szenep\u00e4pste weigern sich, ihm Bedeutung zuzuerkennen, die gro\u00dfen Leistungsschauen der Kunst finden ohne ihn statt. Dabei ist die Beharrlichkeit und Perfektionierung seiner Formensprache schon jetzt beachtenswert. Er ist der Maler einer durch und durch verbiedermeierten Gesellschaft, die sich weigert, ihren R\u00fcckzug ins Private als solchen zu bezeichnen. Vielleicht ist deshalb die Zeit noch nicht reif f\u00fcr eine Krichbaumwelle, die bestimmt eines Tages kommen wird, ist er doch der neue Carl Spitzweg \u2013 nur ist sein Humor abgr\u00fcndiger und schwieriger zu durchschauen. Wer wei\u00df schon, was die Buchstaben HFGH bedeuten, die eine Frau auf ihrem Shirt tr\u00e4gt? H\u00e4nde Falten, Gosche Halten.<\/p>\n<p>Und dann gibt es Details, die sich durch keine Reproduktion wiedergeben lassen. Die Leichtigkeit, mit der er in seinem letzten Bild (Panoptikum der kleinen Zwischenf\u00e4lle, Umschlagbild) einen Ast hingelegt hat oder der sonnendurchschienene verhangene Himmel zeigen ihn als das, was er ist: Ein gro\u00dfer Maler, der den Biedermeier unserer Zeit gekonnt auf die Leinwand bringt. Er schafft das Kunstst\u00fcck, dekorativ und gleichzeitig eminent politisch zu malen, altmeisterlich und dabei doch sehr heutig. Chapeau \u2013 auch wenn es nur eine Stangenhaube ist.<\/p>\n<p>Franzobel<\/p>\n","protected":false},"excerpt":{"rendered":"","protected":false},"author":1,"featured_media":0,"parent":0,"menu_order":0,"comment_status":"closed","ping_status":"closed","template":"template-frontpage.php","meta":{"ngg_post_thumbnail":0},"yoast_head":"<!-- This site is optimized with the Yoast SEO plugin v17.2 - https:\/\/yoast.com\/wordpress\/plugins\/seo\/ -->\n<meta name=\"description\" content=\"JFK Figurative Malerei, Phantastischer Realismus, surreal\" \/>\n<meta name=\"robots\" content=\"index, follow, max-snippet:-1, max-image-preview:large, max-video-preview:-1\" \/>\n<link rel=\"canonical\" href=\"http:\/\/www.krichbaum.at\/\" \/>\n<meta property=\"og:locale\" content=\"de_DE\" \/>\n<meta property=\"og:type\" content=\"article\" \/>\n<meta property=\"og:title\" content=\"Home - Josef Florian Krichbaum\" \/>\n<meta property=\"og:description\" content=\"JFK Figurative Malerei, Phantastischer Realismus, surreal\" \/>\n<meta property=\"og:url\" content=\"http:\/\/www.krichbaum.at\/\" \/>\n<meta property=\"og:site_name\" content=\"Josef Florian Krichbaum\" \/>\n<meta property=\"article:modified_time\" content=\"2015-12-01T15:24:01+00:00\" \/>\n<meta property=\"og:image\" content=\"http:\/\/www.krichbaum.at\/wp-content\/uploads\/2015\/09\/lager.jpg\" \/>\n<meta name=\"twitter:card\" content=\"summary\" \/>\n<meta name=\"twitter:label1\" content=\"Gesch\u00e4tzte Lesezeit\" \/>\n\t<meta name=\"twitter:data1\" content=\"4 Minuten\" \/>\n<script type=\"application\/ld+json\" class=\"yoast-schema-graph\">{\"@context\":\"https:\/\/schema.org\",\"@graph\":[{\"@type\":\"WebSite\",\"@id\":\"http:\/\/www.krichbaum.at\/#website\",\"url\":\"http:\/\/www.krichbaum.at\/\",\"name\":\"Josef Florian Krichbaum\",\"description\":\"Malerei | Painting and Drawing\",\"potentialAction\":[{\"@type\":\"SearchAction\",\"target\":{\"@type\":\"EntryPoint\",\"urlTemplate\":\"http:\/\/www.krichbaum.at\/?s={search_term_string}\"},\"query-input\":\"required name=search_term_string\"}],\"inLanguage\":\"de-DE\"},{\"@type\":\"ImageObject\",\"@id\":\"http:\/\/www.krichbaum.at\/#primaryimage\",\"inLanguage\":\"de-DE\",\"url\":\"http:\/\/www.krichbaum.at\/wp-content\/uploads\/2015\/09\/lager.jpg\",\"contentUrl\":\"http:\/\/www.krichbaum.at\/wp-content\/uploads\/2015\/09\/lager.jpg\"},{\"@type\":\"WebPage\",\"@id\":\"http:\/\/www.krichbaum.at\/#webpage\",\"url\":\"http:\/\/www.krichbaum.at\/\",\"name\":\"Home - Josef Florian Krichbaum\",\"isPartOf\":{\"@id\":\"http:\/\/www.krichbaum.at\/#website\"},\"primaryImageOfPage\":{\"@id\":\"http:\/\/www.krichbaum.at\/#primaryimage\"},\"datePublished\":\"2015-06-24T08:58:52+00:00\",\"dateModified\":\"2015-12-01T15:24:01+00:00\",\"description\":\"JFK Figurative Malerei, Phantastischer Realismus, surreal\",\"breadcrumb\":{\"@id\":\"http:\/\/www.krichbaum.at\/#breadcrumb\"},\"inLanguage\":\"de-DE\",\"potentialAction\":[{\"@type\":\"ReadAction\",\"target\":[\"http:\/\/www.krichbaum.at\/\"]}]},{\"@type\":\"BreadcrumbList\",\"@id\":\"http:\/\/www.krichbaum.at\/#breadcrumb\",\"itemListElement\":[{\"@type\":\"ListItem\",\"position\":1,\"name\":\"Home\",\"item\":\"http:\/\/www.krichbaum.at\/\"},{\"@type\":\"ListItem\",\"position\":2,\"name\":\"Home\"}]}]}<\/script>\n<!-- \/ Yoast SEO plugin. -->","yoast_head_json":{"description":"JFK Figurative Malerei, Phantastischer Realismus, surreal","robots":{"index":"index","follow":"follow","max-snippet":"max-snippet:-1","max-image-preview":"max-image-preview:large","max-video-preview":"max-video-preview:-1"},"canonical":"http:\/\/www.krichbaum.at\/","og_locale":"de_DE","og_type":"article","og_title":"Home - Josef Florian Krichbaum","og_description":"JFK Figurative Malerei, Phantastischer Realismus, surreal","og_url":"http:\/\/www.krichbaum.at\/","og_site_name":"Josef Florian Krichbaum","article_modified_time":"2015-12-01T15:24:01+00:00","og_image":[{"url":"http:\/\/www.krichbaum.at\/wp-content\/uploads\/2015\/09\/lager.jpg"}],"twitter_card":"summary","twitter_misc":{"Gesch\u00e4tzte Lesezeit":"4 Minuten"},"schema":{"@context":"https:\/\/schema.org","@graph":[{"@type":"WebSite","@id":"http:\/\/www.krichbaum.at\/#website","url":"http:\/\/www.krichbaum.at\/","name":"Josef Florian Krichbaum","description":"Malerei | Painting and Drawing","potentialAction":[{"@type":"SearchAction","target":{"@type":"EntryPoint","urlTemplate":"http:\/\/www.krichbaum.at\/?s={search_term_string}"},"query-input":"required name=search_term_string"}],"inLanguage":"de-DE"},{"@type":"ImageObject","@id":"http:\/\/www.krichbaum.at\/#primaryimage","inLanguage":"de-DE","url":"http:\/\/www.krichbaum.at\/wp-content\/uploads\/2015\/09\/lager.jpg","contentUrl":"http:\/\/www.krichbaum.at\/wp-content\/uploads\/2015\/09\/lager.jpg"},{"@type":"WebPage","@id":"http:\/\/www.krichbaum.at\/#webpage","url":"http:\/\/www.krichbaum.at\/","name":"Home - Josef Florian Krichbaum","isPartOf":{"@id":"http:\/\/www.krichbaum.at\/#website"},"primaryImageOfPage":{"@id":"http:\/\/www.krichbaum.at\/#primaryimage"},"datePublished":"2015-06-24T08:58:52+00:00","dateModified":"2015-12-01T15:24:01+00:00","description":"JFK Figurative Malerei, Phantastischer Realismus, surreal","breadcrumb":{"@id":"http:\/\/www.krichbaum.at\/#breadcrumb"},"inLanguage":"de-DE","potentialAction":[{"@type":"ReadAction","target":["http:\/\/www.krichbaum.at\/"]}]},{"@type":"BreadcrumbList","@id":"http:\/\/www.krichbaum.at\/#breadcrumb","itemListElement":[{"@type":"ListItem","position":1,"name":"Home","item":"http:\/\/www.krichbaum.at\/"},{"@type":"ListItem","position":2,"name":"Home"}]}]}},"_links":{"self":[{"href":"https:\/\/www.krichbaum.at\/index.php?rest_route=\/wp\/v2\/pages\/45"}],"collection":[{"href":"https:\/\/www.krichbaum.at\/index.php?rest_route=\/wp\/v2\/pages"}],"about":[{"href":"https:\/\/www.krichbaum.at\/index.php?rest_route=\/wp\/v2\/types\/page"}],"author":[{"embeddable":true,"href":"https:\/\/www.krichbaum.at\/index.php?rest_route=\/wp\/v2\/users\/1"}],"replies":[{"embeddable":true,"href":"https:\/\/www.krichbaum.at\/index.php?rest_route=%2Fwp%2Fv2%2Fcomments&post=45"}],"version-history":[{"count":3,"href":"https:\/\/www.krichbaum.at\/index.php?rest_route=\/wp\/v2\/pages\/45\/revisions"}],"predecessor-version":[{"id":998,"href":"https:\/\/www.krichbaum.at\/index.php?rest_route=\/wp\/v2\/pages\/45\/revisions\/998"}],"wp:attachment":[{"href":"https:\/\/www.krichbaum.at\/index.php?rest_route=%2Fwp%2Fv2%2Fmedia&parent=45"}],"curies":[{"name":"wp","href":"https:\/\/api.w.org\/{rel}","templated":true}]}}